{"id":1287,"date":"2022-10-10T19:25:54","date_gmt":"2022-10-10T19:25:54","guid":{"rendered":"https:\/\/avadawebsites.wpengine.com\/business\/?page_id=1287"},"modified":"2025-07-08T12:29:43","modified_gmt":"2025-07-08T12:29:43","slug":"contact","status":"publish","type":"page","link":"https:\/\/arcelormittalhunedoara.ro\/ro_ro\/contact\/","title":{"rendered":"Contact"},"content":{"rendered":"<div class=\"fusion-fullwidth fullwidth-box fusion-builder-row-1 fusion-flex-container has-pattern-background has-mask-background nonhundred-percent-fullwidth non-hundred-percent-height-scrolling\" style=\"--awb-border-radius-top-left:0px;--awb-border-radius-top-right:0px;--awb-border-radius-bottom-right:0px;--awb-border-radius-bottom-left:0px;--awb-margin-top:120px;--awb-flex-wrap:wrap;\" ><div class=\"fusion-builder-row fusion-row fusion-flex-align-items-flex-start fusion-flex-content-wrap\" style=\"max-width:1372.8px;margin-left: calc(-4% \/ 2 );margin-right: calc(-4% \/ 2 );\"><div class=\"fusion-layout-column fusion_builder_column fusion-builder-column-0 fusion_builder_column_1_1 1_1 fusion-flex-column\" style=\"--awb-bg-size:cover;--awb-width-large:100%;--awb-margin-top-large:0px;--awb-spacing-right-large:1.92%;--awb-margin-bottom-large:20px;--awb-spacing-left-large:1.92%;--awb-width-medium:100%;--awb-order-medium:0;--awb-spacing-right-medium:1.92%;--awb-spacing-left-medium:1.92%;--awb-width-small:100%;--awb-order-small:0;--awb-spacing-right-small:1.92%;--awb-margin-bottom-small:60px;--awb-spacing-left-small:1.92%;\" data-motion-effects=\"[{&quot;type&quot;:&quot;scroll&quot;,&quot;scroll_type&quot;:&quot;transition&quot;,&quot;scroll_direction&quot;:&quot;down&quot;,&quot;transition_speed&quot;:&quot;1&quot;,&quot;fade_type&quot;:&quot;in&quot;,&quot;scale_type&quot;:&quot;up&quot;,&quot;initial_scale&quot;:&quot;1&quot;,&quot;max_scale&quot;:&quot;1.5&quot;,&quot;min_scale&quot;:&quot;0.5&quot;,&quot;initial_rotate&quot;:&quot;0&quot;,&quot;end_rotate&quot;:&quot;30&quot;,&quot;initial_blur&quot;:&quot;0&quot;,&quot;end_blur&quot;:&quot;3&quot;,&quot;start_element&quot;:&quot;top&quot;,&quot;start_viewport&quot;:&quot;bottom&quot;,&quot;end_element&quot;:&quot;center&quot;,&quot;end_viewport&quot;:&quot;center&quot;,&quot;mouse_effect&quot;:&quot;track&quot;,&quot;mouse_effect_direction&quot;:&quot;opposite&quot;,&quot;mouse_effect_speed&quot;:&quot;2&quot;,&quot;infinite_animation&quot;:&quot;float&quot;,&quot;infinite_animation_speed&quot;:&quot;2&quot;}]\" data-scroll-devices=\"medium-visibility,large-visibility\"><div class=\"fusion-column-wrapper fusion-column-has-shadow fusion-flex-justify-content-flex-start fusion-content-layout-column\"><div class=\"fusion-title title fusion-title-1 fusion-sep-none fusion-title-text fusion-title-size-two\" style=\"--awb-margin-top:20px;\"><h2 class=\"fusion-title-heading title-heading-left\" style=\"margin:0;text-transform:none;\">Contacteaz\u0103-ne<\/h2><\/div><\/div><\/div><div class=\"fusion-layout-column fusion_builder_column fusion-builder-column-1 fusion_builder_column_1_2 1_2 fusion-flex-column\" style=\"--awb-padding-right:20px;--awb-bg-size:cover;--awb-width-large:50%;--awb-margin-top-large:0px;--awb-spacing-right-large:3.84%;--awb-margin-bottom-large:0px;--awb-spacing-left-large:3.84%;--awb-width-medium:50%;--awb-order-medium:0;--awb-spacing-right-medium:3.84%;--awb-spacing-left-medium:3.84%;--awb-width-small:100%;--awb-order-small:0;--awb-spacing-right-small:1.92%;--awb-margin-bottom-small:60px;--awb-spacing-left-small:1.92%;\" data-motion-effects=\"[{&quot;type&quot;:&quot;scroll&quot;,&quot;scroll_direction&quot;:&quot;down&quot;,&quot;end_element&quot;:&quot;center&quot;,&quot;end_viewport&quot;:&quot;center&quot;}]\" data-scroll-devices=\"medium-visibility,large-visibility\"><div class=\"fusion-column-wrapper fusion-column-has-shadow fusion-flex-justify-content-flex-start fusion-content-layout-column\"><div class=\"fusion-text fusion-text-1 fusion-text-no-margin\" style=\"--awb-margin-top:15px;--awb-margin-bottom:40px;\"><p>Pentru informa\u021bii, colabor\u0103ri sau sugestii, nu ezita s\u0103 ne contactezi!<\/p>\n<\/div><div class=\"fusion-text fusion-text-2\"><p><strong>Adresa:<\/strong><\/p>\n<\/div><div class=\"fusion-text fusion-text-3\"><p>\u0218oseaua Hunedoara-S\u00e2ntuhalm Nr. 4,<\/p>\n<p>Hunedoara, cod 331111, Jude\u021bul Hunedoara, Romania<\/p>\n<\/div><div class=\"fusion-text fusion-text-4\"><p><strong>Contact:<\/strong><\/p>\n<\/div><div class=\"fusion-text fusion-text-5\"><div style=\"font-family: sans-serif; font-size: 0.95rem; color: #1a1a1a;\">\n<div style=\"font-weight: bold; margin-bottom: 0.5rem;\">Telefon:<\/div>\n<div style=\"padding-left: 1.5em; margin-bottom: 0.3rem;\">\ud83d\udcde <strong>Secretariat:<\/strong> +40 372 731 417<\/div>\n<div style=\"padding-left: 1.5em; margin-bottom: 0.3rem;\">\ud83d\udc65 <strong>Departament HR:<\/strong> +40 372 731 412<\/div>\n<div style=\"padding-left: 1.5em;\">\ud83d\udce0 <strong>Fax:<\/strong> +40 372 749 383<\/div>\n<\/div>\n<p><strong>Email general<\/strong>: office.hd@arcelormittal.com<\/p>\n<p><strong>Depuneri CV<\/strong>: amh-recrutare@arcelormittal.com<\/p>\n<p><strong>Cereri oferte<\/strong>: sales.hd@arcelormittal.com<\/p>\n<p><strong>Program registratur\u0103:\u00a0<\/strong><\/p>\n<p>Luni &#8211; Joi\u00a0 \u00a0 \u00a007:00 &#8211; 08:00\u00a0 &amp;\u00a0 13:00 &#8211; 14:00<\/p>\n<p>Vineri\u00a0 \u00a0 \u00a0 \u00a0 \u00a0 \u00a007:00 &#8211; 08:00\u00a0 &amp;\u00a0 14:00 &#8211; 15:00<\/p>\n<\/div><div class=\"fusion-text fusion-text-6\"><p>Pentru <strong>eliberarea<\/strong> <strong>adeverin\u021belor<\/strong> necesare <strong>dosarului<\/strong> de <strong>pensie<\/strong>, fo\u0219tii salaria\u021bi trebuie s\u0103 depun\u0103 urm\u0103toarele <strong>documente<\/strong>:<\/p>\n<ul>\n<li><a href=\"http:\/\/arcelormittalhunedoara.ro\/wp-content\/uploads\/2024\/11\/Cerere-eliberare-adeverinte-fosti-salariati.pdf\">Cerere<\/a> completat\u0103<\/li>\n<li>Copie CI<\/li>\n<li>Copie a c\u0103r\u021bii de munc\u0103, care s\u0103 specifice perioada lucrat\u0103 \u00een cadrul societ\u0103\u021bii noastre.<\/li>\n<\/ul>\n<p>Cererea poate fi depus\u0103 la Registratura noastr\u0103 (conform programului) sau trimis\u0103 prin Po\u0219ta Rom\u00e2n\u0103, cu confirmare de primire.<\/p>\n<p>Toate cererile vor fi analizate \u0219i solu\u021bionate \u00een ordinea \u00eenregistr\u0103rii lor!<\/p>\n<\/div><\/div><\/div><div class=\"fusion-layout-column fusion_builder_column fusion-builder-column-2 fusion_builder_column_1_2 1_2 fusion-flex-column\" style=\"--awb-overflow:hidden;--awb-bg-color:var(--awb-color2);--awb-bg-color-hover:var(--awb-color2);--awb-bg-size:cover;--awb-border-radius:0px 0px 0px 25px;--awb-width-large:50%;--awb-margin-top-large:0px;--awb-spacing-right-large:3.84%;--awb-margin-bottom-large:0px;--awb-spacing-left-large:3.84%;--awb-width-medium:50%;--awb-order-medium:0;--awb-spacing-right-medium:3.84%;--awb-spacing-left-medium:3.84%;--awb-width-small:100%;--awb-order-small:0;--awb-spacing-right-small:1.92%;--awb-margin-bottom-small:40px;--awb-spacing-left-small:1.92%;\" data-scroll-devices=\"small-visibility,medium-visibility,large-visibility\"><div class=\"fusion-column-wrapper fusion-column-has-shadow fusion-flex-justify-content-flex-start fusion-content-layout-column\"><iframe src=\"https:\/\/www.google.com\/maps\/embed?pb=!1m18!1m12!1m3!1d12563.136055814826!2d22.90593581323679!3d45.78596557448853!2m3!1f0!2f0!3f0!3m2!1i1024!2i768!4f13.1!3m3!1m2!1s0x474e8b6c33720881%3A0xe1850b35d8784e83!2sArcelorMittal%20Hunedoara!5e1!3m2!1sro!2sro!4v1736198490397!5m2!1sro!2sro\" width=\"680\" height=\"450\" style=\"border:0;\" allowfullscreen=\"\" loading=\"lazy\" referrerpolicy=\"no-referrer-when-downgrade\"><\/iframe><\/div><\/div><div class=\"fusion-layout-column fusion_builder_column fusion-builder-column-3 fusion_builder_column_1_1 1_1 fusion-flex-column\" style=\"--awb-padding-right:20px;--awb-bg-size:cover;--awb-width-large:100%;--awb-margin-top-large:0px;--awb-spacing-right-large:1.92%;--awb-margin-bottom-large:0px;--awb-spacing-left-large:1.92%;--awb-width-medium:100%;--awb-order-medium:0;--awb-spacing-right-medium:1.92%;--awb-spacing-left-medium:1.92%;--awb-width-small:100%;--awb-order-small:0;--awb-spacing-right-small:1.92%;--awb-margin-bottom-small:60px;--awb-spacing-left-small:1.92%;\" data-motion-effects=\"[{&quot;type&quot;:&quot;scroll&quot;,&quot;scroll_direction&quot;:&quot;down&quot;,&quot;end_element&quot;:&quot;center&quot;,&quot;end_viewport&quot;:&quot;center&quot;}]\" data-scroll-devices=\"medium-visibility,large-visibility\"><div class=\"fusion-column-wrapper fusion-column-has-shadow fusion-flex-justify-content-flex-start fusion-content-layout-column\"><div class=\"fusion-text fusion-text-7 fusion-text-no-margin\" style=\"--awb-margin-top:15px;--awb-margin-bottom:40px;\"><p>Ne po\u021bi contacta telefonic \u00een timpul programului de lucru sau trimite un email, iar echipa noastr\u0103 \u00ee\u021bi va r\u0103spunde c\u00e2t mai cur\u00e2nd posibil.<\/p>\n<\/div><\/div><\/div><\/div><\/div>\n","protected":false},"excerpt":{"rendered":"","protected":false},"author":1,"featured_media":0,"parent":0,"menu_order":0,"comment_status":"closed","ping_status":"closed","template":"100-width.php","meta":{"footnotes":""},"class_list":["post-1287","page","type-page","status-publish","hentry"],"yoast_head":"<!-- This site is optimized with the Yoast SEO plugin v25.4 - https:\/\/yoast.com\/wordpress\/plugins\/seo\/ -->\n<title>Contact - Arcelor Mittal Hunedoara<\/title>\n<meta name=\"robots\" content=\"index, follow, max-snippet:-1, max-image-preview:large, max-video-preview:-1\" \/>\n<link rel=\"canonical\" href=\"https:\/\/arcelormittalhunedoara.ro\/ro_ro\/contact\/\" \/>\n<meta property=\"og:locale\" content=\"ro_RO\" \/>\n<meta property=\"og:type\" content=\"article\" \/>\n<meta property=\"og:title\" content=\"Contact - Arcelor Mittal Hunedoara\" \/>\n<meta property=\"og:url\" content=\"https:\/\/arcelormittalhunedoara.ro\/ro_ro\/contact\/\" \/>\n<meta property=\"og:site_name\" content=\"Arcelor Mittal Hunedoara\" \/>\n<meta property=\"article:modified_time\" content=\"2025-07-08T12:29:43+00:00\" \/>\n<meta name=\"twitter:card\" content=\"summary_large_image\" \/>\n<meta name=\"twitter:label1\" content=\"Timp estimat pentru citire\" \/>\n\t<meta name=\"twitter:data1\" content=\"1 minut\" \/>\n<script type=\"application\/ld+json\" class=\"yoast-schema-graph\">{\"@context\":\"https:\/\/schema.org\",\"@graph\":[{\"@type\":\"WebPage\",\"@id\":\"https:\/\/arcelormittalhunedoara.ro\/contact\/\",\"url\":\"https:\/\/arcelormittalhunedoara.ro\/contact\/\",\"name\":\"Contact - Arcelor Mittal Hunedoara\",\"isPartOf\":{\"@id\":\"https:\/\/arcelormittalhunedoara.ro\/ro_ro\/#website\"},\"datePublished\":\"2022-10-10T19:25:54+00:00\",\"dateModified\":\"2025-07-08T12:29:43+00:00\",\"breadcrumb\":{\"@id\":\"https:\/\/arcelormittalhunedoara.ro\/contact\/#breadcrumb\"},\"inLanguage\":\"ro-RO\",\"potentialAction\":[{\"@type\":\"ReadAction\",\"target\":[\"https:\/\/arcelormittalhunedoara.ro\/contact\/\"]}]},{\"@type\":\"BreadcrumbList\",\"@id\":\"https:\/\/arcelormittalhunedoara.ro\/contact\/#breadcrumb\",\"itemListElement\":[{\"@type\":\"ListItem\",\"position\":1,\"name\":\"Prima pagin\u0103\",\"item\":\"https:\/\/arcelormittalhunedoara.ro\/\"},{\"@type\":\"ListItem\",\"position\":2,\"name\":\"Contact\"}]},{\"@type\":\"WebSite\",\"@id\":\"https:\/\/arcelormittalhunedoara.ro\/ro_ro\/#website\",\"url\":\"https:\/\/arcelormittalhunedoara.ro\/ro_ro\/\",\"name\":\"Arcelor Mittal Hunedoara\",\"description\":\"\",\"potentialAction\":[{\"@type\":\"SearchAction\",\"target\":{\"@type\":\"EntryPoint\",\"urlTemplate\":\"https:\/\/arcelormittalhunedoara.ro\/ro_ro\/?s={search_term_string}\"},\"query-input\":{\"@type\":\"PropertyValueSpecification\",\"valueRequired\":true,\"valueName\":\"search_term_string\"}}],\"inLanguage\":\"ro-RO\"}]}<\/script>\n<!-- \/ Yoast SEO plugin. -->","yoast_head_json":{"title":"Contact - Arcelor Mittal Hunedoara","robots":{"index":"index","follow":"follow","max-snippet":"max-snippet:-1","max-image-preview":"max-image-preview:large","max-video-preview":"max-video-preview:-1"},"canonical":"https:\/\/arcelormittalhunedoara.ro\/ro_ro\/contact\/","og_locale":"ro_RO","og_type":"article","og_title":"Contact - Arcelor Mittal Hunedoara","og_url":"https:\/\/arcelormittalhunedoara.ro\/ro_ro\/contact\/","og_site_name":"Arcelor Mittal Hunedoara","article_modified_time":"2025-07-08T12:29:43+00:00","twitter_card":"summary_large_image","twitter_misc":{"Timp estimat pentru citire":"1 minut"},"schema":{"@context":"https:\/\/schema.org","@graph":[{"@type":"WebPage","@id":"https:\/\/arcelormittalhunedoara.ro\/contact\/","url":"https:\/\/arcelormittalhunedoara.ro\/contact\/","name":"Contact - Arcelor Mittal Hunedoara","isPartOf":{"@id":"https:\/\/arcelormittalhunedoara.ro\/ro_ro\/#website"},"datePublished":"2022-10-10T19:25:54+00:00","dateModified":"2025-07-08T12:29:43+00:00","breadcrumb":{"@id":"https:\/\/arcelormittalhunedoara.ro\/contact\/#breadcrumb"},"inLanguage":"ro-RO","potentialAction":[{"@type":"ReadAction","target":["https:\/\/arcelormittalhunedoara.ro\/contact\/"]}]},{"@type":"BreadcrumbList","@id":"https:\/\/arcelormittalhunedoara.ro\/contact\/#breadcrumb","itemListElement":[{"@type":"ListItem","position":1,"name":"Prima pagin\u0103","item":"https:\/\/arcelormittalhunedoara.ro\/"},{"@type":"ListItem","position":2,"name":"Contact"}]},{"@type":"WebSite","@id":"https:\/\/arcelormittalhunedoara.ro\/ro_ro\/#website","url":"https:\/\/arcelormittalhunedoara.ro\/ro_ro\/","name":"Arcelor Mittal Hunedoara","description":"","potentialAction":[{"@type":"SearchAction","target":{"@type":"EntryPoint","urlTemplate":"https:\/\/arcelormittalhunedoara.ro\/ro_ro\/?s={search_term_string}"},"query-input":{"@type":"PropertyValueSpecification","valueRequired":true,"valueName":"search_term_string"}}],"inLanguage":"ro-RO"}]}},"_links":{"self":[{"href":"https:\/\/arcelormittalhunedoara.ro\/ro_ro\/wp-json\/wp\/v2\/pages\/1287","targetHints":{"allow":["GET"]}}],"collection":[{"href":"https:\/\/arcelormittalhunedoara.ro\/ro_ro\/wp-json\/wp\/v2\/pages"}],"about":[{"href":"https:\/\/arcelormittalhunedoara.ro\/ro_ro\/wp-json\/wp\/v2\/types\/page"}],"author":[{"embeddable":true,"href":"https:\/\/arcelormittalhunedoara.ro\/ro_ro\/wp-json\/wp\/v2\/users\/1"}],"replies":[{"embeddable":true,"href":"https:\/\/arcelormittalhunedoara.ro\/ro_ro\/wp-json\/wp\/v2\/comments?post=1287"}],"version-history":[{"count":41,"href":"https:\/\/arcelormittalhunedoara.ro\/ro_ro\/wp-json\/wp\/v2\/pages\/1287\/revisions"}],"predecessor-version":[{"id":6796,"href":"https:\/\/arcelormittalhunedoara.ro\/ro_ro\/wp-json\/wp\/v2\/pages\/1287\/revisions\/6796"}],"wp:attachment":[{"href":"https:\/\/arcelormittalhunedoara.ro\/ro_ro\/wp-json\/wp\/v2\/media?parent=1287"}],"curies":[{"name":"wp","href":"https:\/\/api.w.org\/{rel}","templated":true}]}}